{"id":21,"date":"2017-05-24T06:10:47","date_gmt":"2017-05-24T05:10:47","guid":{"rendered":"http:\/\/www.gestionslalievre.com\/fr\/?page_id=21"},"modified":"2017-05-31T18:27:36","modified_gmt":"2017-05-31T17:27:36","slug":"liens-et-outils","status":"publish","type":"page","link":"https:\/\/www.gestionslalievre.com\/fr\/liens-et-outils\/","title":{"rendered":"Liens et outils"},"content":{"rendered":"<p>Agence de revenu du Canada <a href=\"http:\/\/www.arc.gc.ca\/\" target=\"_BLANK\" ><i class=\"font-icon-22 fa fa-arrow-circle-right\" data-cp-fa=\"true\"><\/i> http:\/\/www.arc.gc.ca\/<\/a><\/p>\n<p>Commission de la Sant\u00e9 et S\u00e9curit\u00e9 au Travail <a href=\"http:\/\/www.csst.qc.ca\/\" target=\"_BLANK\" ><i class=\"font-icon-22 fa fa-arrow-circle-right\" data-cp-fa=\"true\"><\/i> http:\/\/www.csst.qc.ca\/<\/a><\/p>\n<p>Commission des normes du travail <a href=\"http:\/\/www.cnt.gouv.qc.ca\/\" target=\"_BLANK\" ><i class=\"font-icon-22 fa fa-arrow-circle-right\" data-cp-fa=\"true\"><\/i> http:\/\/www.cnt.gouv.qc.ca\/<\/a><\/p>\n<p>Financement agricole Canada <a href=\"http:\/\/www.fcc-fac.ca\/\" target=\"_BLANK\"><i class=\"font-icon-22 fa fa-arrow-circle-right\" data-cp-fa=\"true\"><\/i> http:\/\/www.fcc-fac.ca\/<\/a><\/p>\n<p>Financi\u00e8re agricole du Qu\u00e9bec <a href=\"http:\/\/www.fadq.qc.ca\/\" target=\"_BLANK\"><i class=\"font-icon-22 fa fa-arrow-circle-right\" data-cp-fa=\"true\"><\/i> http:\/\/www.fadq.qc.ca\/<\/a><\/p>\n<p>Industrie Canada <a href=\"http:\/\/www.ic.gc.ca\/\" target=\"_BLANK\"><i class=\"font-icon-22 fa fa-arrow-circle-right\" data-cp-fa=\"true\"><\/i> http:\/\/www.ic.gc.ca\/<\/a><\/p>\n<p>R\u00e9gie des Rentes du Qu\u00e9bec <a href=\"http:\/\/www.rrq.gouv.qc.ca\/\" target=\"_BLANK\"><i class=\"font-icon-22 fa fa-arrow-circle-right\" data-cp-fa=\"true\"><\/i> http:\/\/www.rrq.gouv.qc.ca\/<\/a><\/p>\n<p>Registre des entreprises du Qu\u00e9bec <a href=\"http:\/\/www.registreentreprises.gouv.qc.ca\/\" target=\"_BLANK\"><i class=\"font-icon-22 fa fa-arrow-circle-right\" data-cp-fa=\"true\"><\/i> http:\/\/www.registreentreprises.gouv.qc.ca\/<\/a><\/p>\n<p>Revenu Qu\u00e9bec <a href=\"http:\/\/www.revenu.gouv.qc.ca\/\" target=\"_BLANK\" ><i class=\"font-icon-22 fa fa-arrow-circle-right\" data-cp-fa=\"true\"><\/i> http:\/\/www.revenu.gouv.qc.ca\/<\/a><\/p>\n","protected":false},"excerpt":{"rendered":"<p>Agence de revenu du Canada http:\/\/www.arc.gc.ca\/ Commission de la Sant\u00e9 et S\u00e9curit\u00e9 au Travail http:\/\/www.csst.qc.ca\/ Commission des normes du travail http:\/\/www.cnt.gouv.qc.ca\/ Financement agricole Canada http:\/\/www.fcc-fac.ca\/ Financi\u00e8re agricole du Qu\u00e9bec http:\/\/www.fadq.qc.ca\/ Industrie Canada http:\/\/www.ic.gc.ca\/ R\u00e9gie des Rentes du Qu\u00e9bec http:\/\/www.rrq.gouv.qc.ca\/ Registre des entreprises du Qu\u00e9bec http:\/\/www.registreentreprises.gouv.qc.ca\/ Revenu Qu\u00e9bec http:\/\/www.revenu.gouv.qc.ca\/<\/p>\n","protected":false},"author":1,"featured_media":0,"parent":0,"menu_order":0,"comment_status":"closed","ping_status":"closed","template":"","meta":{"footnotes":""},"_links":{"self":[{"href":"https:\/\/www.gestionslalievre.com\/fr\/wp-json\/wp\/v2\/pages\/21"}],"collection":[{"href":"https:\/\/www.gestionslalievre.com\/fr\/wp-json\/wp\/v2\/pages"}],"about":[{"href":"https:\/\/www.gestionslalievre.com\/fr\/wp-json\/wp\/v2\/types\/page"}],"author":[{"embeddable":true,"href":"https:\/\/www.gestionslalievre.com\/fr\/wp-json\/wp\/v2\/users\/1"}],"replies":[{"embeddable":true,"href":"https:\/\/www.gestionslalievre.com\/fr\/wp-json\/wp\/v2\/comments?post=21"}],"version-history":[{"count":7,"href":"https:\/\/www.gestionslalievre.com\/fr\/wp-json\/wp\/v2\/pages\/21\/revisions"}],"predecessor-version":[{"id":98,"href":"https:\/\/www.gestionslalievre.com\/fr\/wp-json\/wp\/v2\/pages\/21\/revisions\/98"}],"wp:attachment":[{"href":"https:\/\/www.gestionslalievre.com\/fr\/wp-json\/wp\/v2\/media?parent=21"}],"curies":[{"name":"wp","href":"https:\/\/api.w.org\/{rel}","templated":true}]}}