{"id":19,"date":"2017-05-24T06:10:11","date_gmt":"2017-05-24T05:10:11","guid":{"rendered":"http:\/\/www.gestionslalievre.com\/fr\/?page_id=19"},"modified":"2017-06-13T06:12:10","modified_gmt":"2017-06-13T05:12:10","slug":"nous-joindre","status":"publish","type":"page","link":"https:\/\/www.gestionslalievre.com\/fr\/nous-joindre\/","title":{"rendered":"Nous joindre"},"content":{"rendered":"<h5 style=\"text-align: left;\"><strong>Coordonn\u00e9es de l&rsquo;entreprise : <\/strong><\/h5>\n<p style=\"text-align: left;\">T\u00e9l\u00e9phone: (819) 281-0929<br \/>\nT\u00e9l\u00e9copieur: (819) 281-7667<br \/>\nCourriel: <a href=\"mailto:info@gestionslalievre.com\">info@gestionslalievre.com<\/a><\/p>\n<h5 style=\"text-align: left;\"><strong>Heures d&rsquo;ouverture : <\/strong><\/h5>\n<p>Lundi: <strong>8h00<\/strong> AM \u00e0 <strong>16h30<\/strong> PM<br \/>\nMardi <strong>8h00<\/strong> AM \u00e0 <strong>16h30<\/strong> PM<br \/>\nMercredi : <strong>8h00<\/strong> AM \u00e0 <strong>16h30<\/strong> PM<br \/>\nJeudi : <strong>8h00<\/strong> AM \u00e0 <strong>16h30<\/strong> PM<br \/>\nVendredi : <strong>8h00<\/strong> AM \u00e0 <strong>12h00<\/strong> PM<br \/>\nSamedi &amp; Dimanche : <strong>Ferm\u00e9<\/strong><\/p>\n<h5 style=\"text-align: left;\"><strong>Pour joindre directement :<\/strong><\/h5>\n<p style=\"text-align: left;\">Sylvain Frappier \/ Courriel : <a href=\"mailto:sylvainf@gestionslalievre.com\">sylvainf@gestionslalievre.com<\/a><br \/>\nGa\u00e9tane Mougeot \/ Courriel : <a href=\"mailto:gaetanem@gestionslalievre.com\">gaetanem@gestionslalievre.com<\/a><\/p>\n<h5><strong>Pour toutes questions ou pour prendre rendez-vous avec nous : <\/strong><\/h5>\n\n<div class=\"wpcf7 no-js\" id=\"wpcf7-f10-o1\" lang=\"fr-CA\" dir=\"ltr\">\n<div class=\"screen-reader-response\"><p role=\"status\" aria-live=\"polite\" aria-atomic=\"true\"><\/p> <ul><\/ul><\/div>\n<form action=\"\/fr\/wp-json\/wp\/v2\/pages\/19#wpcf7-f10-o1\" method=\"post\" class=\"wpcf7-form init\" aria-label=\"Contact form\" novalidate=\"novalidate\" data-status=\"init\">\n<div style=\"display: none;\">\n<input type=\"hidden\" name=\"_wpcf7\" value=\"10\" \/>\n<input type=\"hidden\" name=\"_wpcf7_version\" value=\"5.8.2\" \/>\n<input type=\"hidden\" name=\"_wpcf7_locale\" value=\"fr_CA\" \/>\n<input type=\"hidden\" name=\"_wpcf7_unit_tag\" value=\"wpcf7-f10-o1\" \/>\n<input type=\"hidden\" name=\"_wpcf7_container_post\" value=\"0\" \/>\n<input type=\"hidden\" name=\"_wpcf7_posted_data_hash\" value=\"\" \/>\n<\/div>\n<p><label> Votre nom complet : (*requis)<br \/>\n<span class=\"wpcf7-form-control-wrap\" data-name=\"your-name\"><input size=\"40\" class=\"wpcf7-form-control wpcf7-text wpcf7-validates-as-required\" aria-required=\"true\" aria-invalid=\"false\" value=\"\" type=\"text\" name=\"your-name\" \/><\/span> <\/label>\n<\/p>\n<p><label> Votre t\u00e9l\u00e9phone : (*requis)<br \/>\n<span class=\"wpcf7-form-control-wrap\" data-name=\"phone\"><input size=\"40\" class=\"wpcf7-form-control wpcf7-tel wpcf7-validates-as-required wpcf7-text wpcf7-validates-as-tel\" aria-required=\"true\" aria-invalid=\"false\" value=\"\" type=\"tel\" name=\"phone\" \/><\/span> <\/label>\n<\/p>\n<p><label> Votre courriel : (*requis)<br \/>\n<span class=\"wpcf7-form-control-wrap\" data-name=\"your-email\"><input size=\"40\" class=\"wpcf7-form-control wpcf7-email wpcf7-validates-as-required wpcf7-text wpcf7-validates-as-email\" aria-required=\"true\" aria-invalid=\"false\" value=\"\" type=\"email\" name=\"your-email\" \/><\/span> <\/label>\n<\/p>\n<p><label> Sujet :<br \/>\n<span class=\"wpcf7-form-control-wrap\" data-name=\"your-subject\"><input size=\"40\" class=\"wpcf7-form-control wpcf7-text\" aria-invalid=\"false\" value=\"\" type=\"text\" name=\"your-subject\" \/><\/span> <\/label>\n<\/p>\n<p><label> Votre message :<br \/>\n<span class=\"wpcf7-form-control-wrap\" data-name=\"your-message\"><textarea cols=\"40\" rows=\"10\" class=\"wpcf7-form-control wpcf7-textarea\" aria-invalid=\"false\" name=\"your-message\"><\/textarea><\/span> <\/label>\n<\/p>\n<p><input class=\"wpcf7-form-control wpcf7-submit has-spinner\" type=\"submit\" value=\"Envoyer\" \/>\n<\/p><div class=\"wpcf7-response-output\" aria-hidden=\"true\"><\/div>\n<\/form>\n<\/div>\n\n","protected":false},"excerpt":{"rendered":"<p>Coordonn\u00e9es de l&rsquo;entreprise : T\u00e9l\u00e9phone: (819) 281-0929 T\u00e9l\u00e9copieur: (819) 281-7667 Courriel: info@gestionslalievre.com Heures d&rsquo;ouverture : Lundi: 8h00 AM \u00e0 16h30 PM Mardi 8h00 AM \u00e0 16h30 PM Mercredi : 8h00 AM \u00e0 16h30 PM Jeudi : 8h00 AM \u00e0 16h30 PM Vendredi : 8h00 AM \u00e0 12h00 PM Samedi &amp; Dimanche : Ferm\u00e9 Pour joindre&hellip; <br \/> <a class=\"button small blue\" href=\"https:\/\/www.gestionslalievre.com\/fr\/nous-joindre\/\">Lire la suite<\/a><\/p>\n","protected":false},"author":1,"featured_media":0,"parent":0,"menu_order":0,"comment_status":"closed","ping_status":"closed","template":"","meta":{"footnotes":""},"_links":{"self":[{"href":"https:\/\/www.gestionslalievre.com\/fr\/wp-json\/wp\/v2\/pages\/19"}],"collection":[{"href":"https:\/\/www.gestionslalievre.com\/fr\/wp-json\/wp\/v2\/pages"}],"about":[{"href":"https:\/\/www.gestionslalievre.com\/fr\/wp-json\/wp\/v2\/types\/page"}],"author":[{"embeddable":true,"href":"https:\/\/www.gestionslalievre.com\/fr\/wp-json\/wp\/v2\/users\/1"}],"replies":[{"embeddable":true,"href":"https:\/\/www.gestionslalievre.com\/fr\/wp-json\/wp\/v2\/comments?post=19"}],"version-history":[{"count":15,"href":"https:\/\/www.gestionslalievre.com\/fr\/wp-json\/wp\/v2\/pages\/19\/revisions"}],"predecessor-version":[{"id":125,"href":"https:\/\/www.gestionslalievre.com\/fr\/wp-json\/wp\/v2\/pages\/19\/revisions\/125"}],"wp:attachment":[{"href":"https:\/\/www.gestionslalievre.com\/fr\/wp-json\/wp\/v2\/media?parent=19"}],"curies":[{"name":"wp","href":"https:\/\/api.w.org\/{rel}","templated":true}]}}