{"id":17,"date":"2017-05-24T06:08:56","date_gmt":"2017-05-24T05:08:56","guid":{"rendered":"http:\/\/www.gestionslalievre.com\/fr\/?page_id=17"},"modified":"2017-06-15T18:10:52","modified_gmt":"2017-06-15T17:10:52","slug":"services","status":"publish","type":"page","link":"https:\/\/www.gestionslalievre.com\/fr\/services\/","title":{"rendered":"Services"},"content":{"rendered":"<p><em><strong>COMPTABILIT\u00c9<\/strong><\/em><\/p>\n<p>La pr\u00e9paration d\u2019\u00e9tats financiers<br \/>\nLa tenue de livres informatis\u00e9e<br \/>\nLa pr\u00e9paration des paies et d\u00e9clarations gouvernementales<br \/>\nLa pr\u00e9paration d\u2019\u00e9tats financiers mensuels pour fins de gestion<br \/>\nLa conception et implantation de syst\u00e8mes comptables<\/p>\n<p><em><strong>FISCALIT\u00c9<\/strong><\/em><\/p>\n<p>La pr\u00e9paration de d\u00e9clarations d\u2019imp\u00f4ts des soci\u00e9t\u00e9s<br \/>\nLa pr\u00e9paration de d\u00e9clarations d\u2019imp\u00f4ts des particuliers et travailleurs autonomes<br \/>\nLa production des d\u00e9clarations de TPS\/TVH-TVQ<br \/>\nLa pr\u00e9paration et r\u00e8glement d\u2019avis d\u2019opposition et d\u2019appels en mati\u00e8re d\u2019imp\u00f4t sur le revenu et de taxes \u00e0 la consommation<br \/>\nPossibilit\u00e9 de recevoir les v\u00e9rificateurs des gouvernements \u00e0 notre bureau lors d\u2019une v\u00e9rification<\/p>\n<p><em><strong>AUTRES SERVICES<\/strong><\/em><\/p>\n<p>La pr\u00e9paration de pr\u00e9visions financi\u00e8res<br \/>\nLa pr\u00e9paration de budgets de caisse et d\u2019op\u00e9rations<br \/>\nLa pr\u00e9paration des documents pour incorporation en soci\u00e9t\u00e9<br \/>\nTransfert \u00e9lectronique des donn\u00e9es financi\u00e8res pour l\u2019Agri-Stabilit\u00e9<br \/>\nConsultant agr\u00e9er analyste logiciel AgExpert (Financement agricole Canada)<\/p>\n","protected":false},"excerpt":{"rendered":"<p>COMPTABILIT\u00c9 La pr\u00e9paration d\u2019\u00e9tats financiers La tenue de livres informatis\u00e9e La pr\u00e9paration des paies et d\u00e9clarations gouvernementales La pr\u00e9paration d\u2019\u00e9tats financiers mensuels pour fins de gestion La conception et implantation de syst\u00e8mes comptables FISCALIT\u00c9 La pr\u00e9paration de d\u00e9clarations d\u2019imp\u00f4ts des soci\u00e9t\u00e9s La pr\u00e9paration de d\u00e9clarations d\u2019imp\u00f4ts des particuliers et travailleurs autonomes La production des d\u00e9clarations&hellip; <br \/> <a class=\"button small blue\" href=\"https:\/\/www.gestionslalievre.com\/fr\/services\/\">Lire la suite<\/a><\/p>\n","protected":false},"author":1,"featured_media":0,"parent":0,"menu_order":0,"comment_status":"closed","ping_status":"closed","template":"","meta":{"footnotes":""},"_links":{"self":[{"href":"https:\/\/www.gestionslalievre.com\/fr\/wp-json\/wp\/v2\/pages\/17"}],"collection":[{"href":"https:\/\/www.gestionslalievre.com\/fr\/wp-json\/wp\/v2\/pages"}],"about":[{"href":"https:\/\/www.gestionslalievre.com\/fr\/wp-json\/wp\/v2\/types\/page"}],"author":[{"embeddable":true,"href":"https:\/\/www.gestionslalievre.com\/fr\/wp-json\/wp\/v2\/users\/1"}],"replies":[{"embeddable":true,"href":"https:\/\/www.gestionslalievre.com\/fr\/wp-json\/wp\/v2\/comments?post=17"}],"version-history":[{"count":4,"href":"https:\/\/www.gestionslalievre.com\/fr\/wp-json\/wp\/v2\/pages\/17\/revisions"}],"predecessor-version":[{"id":126,"href":"https:\/\/www.gestionslalievre.com\/fr\/wp-json\/wp\/v2\/pages\/17\/revisions\/126"}],"wp:attachment":[{"href":"https:\/\/www.gestionslalievre.com\/fr\/wp-json\/wp\/v2\/media?parent=17"}],"curies":[{"name":"wp","href":"https:\/\/api.w.org\/{rel}","templated":true}]}}