{"id":15,"date":"2017-05-24T06:07:19","date_gmt":"2017-05-24T05:07:19","guid":{"rendered":"http:\/\/www.gestionslalievre.com\/fr\/?page_id=15"},"modified":"2017-06-15T18:14:58","modified_gmt":"2017-06-15T17:14:58","slug":"qui-sommes-nous","status":"publish","type":"page","link":"https:\/\/www.gestionslalievre.com\/fr\/qui-sommes-nous\/","title":{"rendered":"Qui sommes nous"},"content":{"rendered":"<p>Fond\u00e9 en juillet 1993 par M. Sylvain Frappier, notre bureau cumule d\u00e9j\u00e0 20 ann\u00e9es d\u2019existence dans le domaine de la comptabilit\u00e9, la fiscalit\u00e9 personnelle et corporative, ainsi que les conseils et le soutien aux entreprises.<\/p>\n<p>Nous desservons une client\u00e8le locale et r\u00e9gionale qui \u0153uvre dans diff\u00e9rents secteurs \u00e9conomiques.<\/p>\n<p>Notre objectif est de rendre un service personnalis\u00e9 de qualit\u00e9 r\u00e9pondant au besoin de notre client\u00e8le.<\/p>\n<p>Faites confiance \u00e0 notre \u00e9quipe pour tous vos services comptables !<\/p>\n","protected":false},"excerpt":{"rendered":"<p>Fond\u00e9 en juillet 1993 par M. Sylvain Frappier, notre bureau cumule d\u00e9j\u00e0 20 ann\u00e9es d\u2019existence dans le domaine de la comptabilit\u00e9, la fiscalit\u00e9 personnelle et corporative, ainsi que les conseils et le soutien aux entreprises. Nous desservons une client\u00e8le locale et r\u00e9gionale qui \u0153uvre dans diff\u00e9rents secteurs \u00e9conomiques. Notre objectif est de rendre un service&hellip; <br \/> <a class=\"button small blue\" href=\"https:\/\/www.gestionslalievre.com\/fr\/qui-sommes-nous\/\">Lire la suite<\/a><\/p>\n","protected":false},"author":1,"featured_media":0,"parent":0,"menu_order":0,"comment_status":"closed","ping_status":"closed","template":"","meta":{"footnotes":""},"_links":{"self":[{"href":"https:\/\/www.gestionslalievre.com\/fr\/wp-json\/wp\/v2\/pages\/15"}],"collection":[{"href":"https:\/\/www.gestionslalievre.com\/fr\/wp-json\/wp\/v2\/pages"}],"about":[{"href":"https:\/\/www.gestionslalievre.com\/fr\/wp-json\/wp\/v2\/types\/page"}],"author":[{"embeddable":true,"href":"https:\/\/www.gestionslalievre.com\/fr\/wp-json\/wp\/v2\/users\/1"}],"replies":[{"embeddable":true,"href":"https:\/\/www.gestionslalievre.com\/fr\/wp-json\/wp\/v2\/comments?post=15"}],"version-history":[{"count":4,"href":"https:\/\/www.gestionslalievre.com\/fr\/wp-json\/wp\/v2\/pages\/15\/revisions"}],"predecessor-version":[{"id":129,"href":"https:\/\/www.gestionslalievre.com\/fr\/wp-json\/wp\/v2\/pages\/15\/revisions\/129"}],"wp:attachment":[{"href":"https:\/\/www.gestionslalievre.com\/fr\/wp-json\/wp\/v2\/media?parent=15"}],"curies":[{"name":"wp","href":"https:\/\/api.w.org\/{rel}","templated":true}]}}